{"id":58,"date":"2015-08-13T01:23:32","date_gmt":"2015-08-12T23:23:32","guid":{"rendered":"http:\/\/www.wramach.pl\/web\/?page_id=58"},"modified":"2016-02-09T19:02:41","modified_gmt":"2016-02-09T18:02:41","slug":"reprodukcje","status":"publish","type":"page","link":"http:\/\/www.wramach.pl\/web\/oferta\/reprodukcje\/","title":{"rendered":"Reprodukcje"},"content":{"rendered":"<h2>Oferujemy us\u0142ug\u0119 reprodukcji zdj\u0119\u0107, oraz retusz starych lub zniszczonych fotografii.<\/h2>\n<p>Je\u015bli posiadaj\u0105 Pa\u0144stwo jakie\u015b stare, lub pojedyncze zdj\u0119cia, kt\u00f3re chcieliby\u015bcie naprawi\u0107,\u00a0 powi\u0119kszy\u0107 lub powieli\u0107\u00a0 zapraszamy do naszej pracowni.<\/p>\n<p>Zeskanowane fotografie drukujemy na profesjonalnym sprz\u0119cie firmy Epson lub Canon w zale\u017cno\u015bci od wielko\u015bci powi\u0119kszenia, na wysokiej jako\u015bci mediach<strong> (papier fotograficzny, satynowy, matowy, p\u0142\u00f3tno, folia). Na miejscu jest mo\u017cliwo\u015b\u0107 oprawy.<\/strong><\/p>\n","protected":false},"excerpt":{"rendered":"<p>Oferujemy us\u0142ug\u0119 reprodukcji zdj\u0119\u0107, oraz retusz starych lub zniszczonych fotografii. Je\u015bli posiadaj\u0105 Pa\u0144stwo jakie\u015b stare, lub pojedyncze zdj\u0119cia, kt\u00f3re chcieliby\u015bcie naprawi\u0107,\u00a0 powi\u0119kszy\u0107 lub powieli\u0107\u00a0 zapraszamy do naszej pracowni. Zeskanowane fotografie drukujemy na profesjonalnym sprz\u0119cie firmy Epson lub Canon w zale\u017cno\u015bci od wielko\u015bci powi\u0119kszenia, na wysokiej jako\u015bci mediach (papier fotograficzny, satynowy, matowy, p\u0142\u00f3tno, folia). Na miejscu [&hellip;]<\/p>\n","protected":false},"author":1,"featured_media":0,"parent":38,"menu_order":0,"comment_status":"open","ping_status":"open","template":"","meta":[],"_links":{"self":[{"href":"http:\/\/www.wramach.pl\/web\/wp-json\/wp\/v2\/pages\/58"}],"collection":[{"href":"http:\/\/www.wramach.pl\/web\/wp-json\/wp\/v2\/pages"}],"about":[{"href":"http:\/\/www.wramach.pl\/web\/wp-json\/wp\/v2\/types\/page"}],"author":[{"embeddable":true,"href":"http:\/\/www.wramach.pl\/web\/wp-json\/wp\/v2\/users\/1"}],"replies":[{"embeddable":true,"href":"http:\/\/www.wramach.pl\/web\/wp-json\/wp\/v2\/comments?post=58"}],"version-history":[{"count":2,"href":"http:\/\/www.wramach.pl\/web\/wp-json\/wp\/v2\/pages\/58\/revisions"}],"predecessor-version":[{"id":384,"href":"http:\/\/www.wramach.pl\/web\/wp-json\/wp\/v2\/pages\/58\/revisions\/384"}],"up":[{"embeddable":true,"href":"http:\/\/www.wramach.pl\/web\/wp-json\/wp\/v2\/pages\/38"}],"wp:attachment":[{"href":"http:\/\/www.wramach.pl\/web\/wp-json\/wp\/v2\/media?parent=58"}],"curies":[{"name":"wp","href":"https:\/\/api.w.org\/{rel}","templated":true}]}}