{"id":56,"date":"2015-08-13T01:23:22","date_gmt":"2015-08-12T23:23:22","guid":{"rendered":"http:\/\/www.wramach.pl\/web\/?page_id=56"},"modified":"2020-01-06T16:22:37","modified_gmt":"2020-01-06T15:22:37","slug":"powiekszenia-fotograficzne-reprodukcje","status":"publish","type":"page","link":"http:\/\/www.wramach.pl\/web\/oferta\/powiekszenia-fotograficzne-reprodukcje\/","title":{"rendered":"Druk zdj\u0119\u0107"},"content":{"rendered":"\n<div class=\"wp-block-group\"><div class=\"wp-block-group__inner-container\">\n<h3><b>Jaka jest jako\u015b\u0107 zdj\u0119\u0107?<\/b><\/h3>\n\n\n\n<p><span style=\"font-weight: 400;\"><strong>Profesjonalna. Drukujemy na nowoczesnych maszynach i oryginalnych mediach !<\/strong><\/span><\/p>\n\n\n\n<div class=\"wp-block-columns\">\n<div class=\"wp-block-column\" style=\"flex-basis:30%\">\n<figure class=\"wp-block-image size-medium\"><img loading=\"lazy\" width=\"300\" height=\"246\" src=\"http:\/\/www.wramach.pl\/web\/wp-content\/uploads\/2020\/01\/csm_tn_LB-1301E_05_262bde928d-300x246.jpg\" alt=\"\" class=\"wp-image-849\" srcset=\"http:\/\/www.wramach.pl\/web\/wp-content\/uploads\/2020\/01\/csm_tn_LB-1301E_05_262bde928d-300x246.jpg 300w, http:\/\/www.wramach.pl\/web\/wp-content\/uploads\/2020\/01\/csm_tn_LB-1301E_05_262bde928d.jpg 330w\" sizes=\"(max-width: 300px) 100vw, 300px\" \/><\/figure>\n<\/div>\n\n\n\n<div class=\"wp-block-column\" style=\"flex-basis:70%\">\n<p style=\"background-color:#62bba5;color:#ffffff\" class=\"has-text-color has-background has-medium-font-size\">Druk zdj\u0119\u0107 do formatu 20&#215;30 wykonujemy na maszynie FujiFilm Frontier-S DX100<\/p>\n\n\n\n<p class=\"has-normal-font-size\">Pi\u0119knie odwzorowane kolory dzi\u0119ki nowemu, unikalnemu zestawowi sze\u015bciu kolorowych tusz\u00f3w barwnikowych VIVIDIA.<\/p>\n\n\n\n<p class=\"has-normal-font-size\">Nowo opracowany system VIVIDIA wykorzystuje unikalne w\u0142a\u015bciwo\u015bci barwi\u0105ce odpornych na \u015bwiat\u0142o i ozon tusz\u00f3w VIVIDIA, oferuj\u0105c lepsz\u0105 ziarnisto\u015b\u0107 i gradacj\u0119 oraz o wiele wy\u017csz\u0105 jako\u015b\u0107 w obszarach o \u015bredniej g\u0119sto\u015bci (tonacje sk\u00f3ry, b\u0142\u0119kit nieba, szare t\u0142a).<\/p>\n\n\n\n<p><strong>Dost\u0119pne s\u0105 4 powierzchnie papier\u00f3w: Glossy, Luster, Fine Art Matte, Silk<\/strong><\/p>\n\n\n\n<ul><li>Najmniejszy wydruk 102&#215;89 [mm]<\/li><li>Najwi\u0119kszy wydruk 210&#215;1000 [mm]<\/li><\/ul>\n<\/div>\n<\/div>\n\n\n\n<div class=\"wp-block-columns\">\n<div class=\"wp-block-column\" style=\"flex-basis:30%\">\n<figure class=\"wp-block-image size-medium\"><img loading=\"lazy\" width=\"300\" height=\"300\" src=\"http:\/\/www.wramach.pl\/web\/wp-content\/uploads\/2019\/12\/IMG_7220-300x300.jpg\" alt=\"\" class=\"wp-image-747\" srcset=\"http:\/\/www.wramach.pl\/web\/wp-content\/uploads\/2019\/12\/IMG_7220-300x300.jpg 300w, http:\/\/www.wramach.pl\/web\/wp-content\/uploads\/2019\/12\/IMG_7220-150x150.jpg 150w, http:\/\/www.wramach.pl\/web\/wp-content\/uploads\/2019\/12\/IMG_7220-768x769.jpg 768w, http:\/\/www.wramach.pl\/web\/wp-content\/uploads\/2019\/12\/IMG_7220.jpg 959w\" sizes=\"(max-width: 300px) 100vw, 300px\" \/><\/figure>\n<\/div>\n\n\n\n<div class=\"wp-block-column\" style=\"flex-basis:70%\">\n<div class=\"wp-block-group\"><div class=\"wp-block-group__inner-container\">\n<p style=\"background-color:#62bba5;color:#ffffff\" class=\"has-text-color has-background has-medium-font-size\">Druk wi\u0119kszych format\u00f3w  wykonujemy na maszynie Canon ImagePROGRAFF iPF6400<\/p>\n\n\n\n<p>Urz\u0105dzenie zosta\u0142o opracowane z my\u015bl\u0105 o specjalistycznych zastosowaniach w zakresie fotografii, grafiki artystycznej i proofingu. Ta wielkoformatowa drukarka jest wyposa\u017cona w innowacyjny, 12-kolorowy system atrament\u00f3w pigmentowych LUCIA EX firmy Canon z technologi\u0105 przetwarzania obrazu, kt\u00f3ra zapewnia szerok\u0105 gam\u0119 kolor\u00f3w, p\u0142ynne stopniowanie, redukcj\u0119 efektu br\u0105zowienia i wysok\u0105 odporno\u015b\u0107 wydruk\u00f3w na zarysowania.<\/p>\n<\/div><\/div>\n<\/div>\n<\/div>\n\n\n\n<hr class=\"wp-block-separator\"\/>\n<\/div><\/div>\n\n\n\n<div class=\"wp-block-group\"><div class=\"wp-block-group__inner-container\">\n<div class=\"wp-block-group\"><div class=\"wp-block-group__inner-container\">\n<h3 class=\"has-text-align-center\">Cennik Druku ma maszynie FujiFilm<\/h3>\n\n\n\n<p class=\"has-text-align-center\"><strong>Zdj\u0119cia drukujemy natychmiast !<\/strong><\/p>\n\n\n\n<h4 class=\"has-text-color has-text-align-center\" style=\"color:#62bba5\"><em>teraz jeszcze prostsze drukowanie&nbsp;zdj\u0119\u0107 z telefon\u00f3w !<\/em><\/h4>\n\n\n\n<figure class=\"wp-block-table is-style-stripes\"><table class=\"\"><thead><tr><th class=\"has-text-align-center\" data-align=\"center\">format <br>zdj\u0119cia<\/th><th class=\"has-text-align-center\" data-align=\"center\">b\u0142ysk\/mat<\/th><th class=\"has-text-align-center\" data-align=\"center\">FineArt<br>MAT*<\/th><th class=\"has-text-align-center\" data-align=\"center\">FineArt<br>SILK**<\/th><\/tr><\/thead><tbody><tr><td class=\"has-text-align-center\" data-align=\"center\">10&#215;15<\/td><td class=\"has-text-align-center\" data-align=\"center\">1 z\u0142<\/td><td class=\"has-text-align-center\" data-align=\"center\">1,5 z\u0142<\/td><td class=\"has-text-align-center\" data-align=\"center\">1,5 z\u0142<\/td><\/tr><tr><td class=\"has-text-align-center\" data-align=\"center\">13&#215;18<\/td><td class=\"has-text-align-center\" data-align=\"center\">1,79 z\u0142<\/td><td class=\"has-text-align-center\" data-align=\"center\">1,99 z\u0142<\/td><td class=\"has-text-align-center\" data-align=\"center\">1,99z\u0142<\/td><\/tr><tr><td class=\"has-text-align-center\" data-align=\"center\">15&#215;21<\/td><td class=\"has-text-align-center\" data-align=\"center\">2,25 z\u0142<\/td><td class=\"has-text-align-center\" data-align=\"center\">2,5 z\u0142<\/td><td class=\"has-text-align-center\" data-align=\"center\">2,5 z\u0142<\/td><\/tr><tr><td class=\"has-text-align-center\" data-align=\"center\">15&#215;23<\/td><td class=\"has-text-align-center\" data-align=\"center\">2,5 z\u0142<\/td><td class=\"has-text-align-center\" data-align=\"center\">2,75 z\u0142<\/td><td class=\"has-text-align-center\" data-align=\"center\">2,75z\u0142<\/td><\/tr><tr><td class=\"has-text-align-center\" data-align=\"center\">15&#215;27<\/td><td class=\"has-text-align-center\" data-align=\"center\">2,75 z\u0142<\/td><td class=\"has-text-align-center\" data-align=\"center\">2,99z\u0142<\/td><td class=\"has-text-align-center\" data-align=\"center\">2,99z\u0142<\/td><\/tr><tr><td class=\"has-text-align-center\" data-align=\"center\">20&#215;30<\/td><td class=\"has-text-align-center\" data-align=\"center\">7,5<\/td><td class=\"has-text-align-center\" data-align=\"center\">9<\/td><td class=\"has-text-align-center\" data-align=\"center\">9<\/td><\/tr><tr><td class=\"has-text-align-center\" data-align=\"center\">10&#215;10<br>(kwadrat)<\/td><td class=\"has-text-align-center\" data-align=\"center\">1 z\u0142<\/td><td class=\"has-text-align-center\" data-align=\"center\">&#8211;<\/td><td class=\"has-text-align-center\" data-align=\"center\">&#8211;<\/td><\/tr><tr><td class=\"has-text-align-center\" data-align=\"center\">15&#215;15<br>(kwadrat)<\/td><td class=\"has-text-align-center\" data-align=\"center\">1,6 z\u0142<\/td><td class=\"has-text-align-center\" data-align=\"center\">1,6 z\u0142<\/td><td class=\"has-text-align-center\" data-align=\"center\">1,6 z\u0142<\/td><\/tr><tr><td class=\"has-text-align-center\" data-align=\"center\">20&#215;20<br>(kwadrat)<\/td><td class=\"has-text-align-center\" data-align=\"center\">6,5 z\u0142<\/td><td class=\"has-text-align-center\" data-align=\"center\">6,5 z\u0142<\/td><td class=\"has-text-align-center\" data-align=\"center\">6,5 z\u0142<\/td><\/tr><\/tbody><\/table><\/figure>\n<\/div><\/div>\n\n\n\n<h3 class=\"has-text-align-center\">Cennik druku na maszynie Canon IPF<\/h3>\n\n\n\n<figure class=\"wp-block-table is-style-stripes\"><table class=\"has-fixed-layout\"><thead><tr><th class=\"has-text-align-center\" data-align=\"center\">Format<\/th><th class=\"has-text-align-center\" data-align=\"center\">papier Tetenal <br>HD Satin 260g<\/th><th class=\"has-text-align-center\" data-align=\"center\">papier Fomei <br>Bryta Mono<\/th><\/tr><\/thead><tbody><tr><td class=\"has-text-align-center\" data-align=\"center\">20&#215;30*<\/td><td class=\"has-text-align-center\" data-align=\"center\">20 z\u0142<\/td><td class=\"has-text-align-center\" data-align=\"center\">25 z\u0142<\/td><\/tr><tr><td class=\"has-text-align-center\" data-align=\"center\">30&#215;40<\/td><td class=\"has-text-align-center\" data-align=\"center\">30 z\u0142<\/td><td class=\"has-text-align-center\" data-align=\"center\">35 z\u0142<\/td><\/tr><tr><td class=\"has-text-align-center\" data-align=\"center\">40&#215;50<\/td><td class=\"has-text-align-center\" data-align=\"center\">40 z\u0142<\/td><td class=\"has-text-align-center\" data-align=\"center\">50 z\u0142<\/td><\/tr><tr><td class=\"has-text-align-center\" data-align=\"center\">40&#215;60<\/td><td class=\"has-text-align-center\" data-align=\"center\">50 z\u0142<\/td><td class=\"has-text-align-center\" data-align=\"center\">60 z\u0142<\/td><\/tr><tr><td class=\"has-text-align-center\" data-align=\"center\">50&#215;70<\/td><td class=\"has-text-align-center\" data-align=\"center\">70 z\u0142<\/td><td class=\"has-text-align-center\" data-align=\"center\">90 z\u0142<\/td><\/tr><tr><td class=\"has-text-align-center\" data-align=\"center\">60&#215;90<\/td><td class=\"has-text-align-center\" data-align=\"center\">90 z\u0142<\/td><td class=\"has-text-align-center\" data-align=\"center\">120 z\u0142<\/td><\/tr><\/tbody><\/table><\/figure>\n\n\n\n<p><strong>Podane ceny dotycz\u0105 pojedynczych wydruk\u00f3w ! dla sta\u0142ych klient\u00f3w i wi\u0119kszych zlece\u0144 ceny ustalamy indywidualnie.<\/strong><\/p>\n\n\n\n<h2>Dost\u0119pne media do druku na ploterze Canon<\/h2>\n\n\n\n<h3 class=\"rodzina\">Papiery standardowe:<\/h3>\n\n\n\n<ul><li><strong>TETENAL HD Satin 260g&nbsp;<\/strong><br>szlachetny \u015bnie\u017cnobia\u0142y papier o p\u00f3\u0142matowej powierzchni, odporny na wod\u0119, szybkoschn\u0105cy, polecany do wydruk\u00f3w zdj\u0119\u0107, portret\u00f3w oraz fotografii gdzie wymagana jest najwy\u017csza jako\u015b\u0107 u\u017cytego no\u015bnika. Dzi\u0119ki zastosowanej nowoczesnej technologii nak\u0142adania wielu warstw oraz wyd\u0142u\u017ceniu rolek o 1\/3 d\u0142ugo\u015bci charakteryzuje si\u0119 wr\u0119cz doskona\u0142\u0105 relacj\u0105 jako\u015bci do ceny. Rozdzielczo\u015b\u0107 druku do 2880 dpi. &#8211;&nbsp;<a href=\"http:\/\/wramach.pl\/web\/profile-ICC\/Tetenal_HD_Satin_Paper_260g_c_ipf_6400.icm\">pobierz&nbsp;profil ICC<\/a><\/li><li><strong>FOMEI Collection Gloss 265gsm<\/strong><br>b\u0142yszcz\u0105cy papier fotograficzny i proofingowy. Wysoka sztywno\u015b\u0107 i grubo\u015b\u0107 papieru oraz wyj\u0105tkowo g\u0142adka powierzchnia nadaj\u0105 drukowanym zdj\u0119ciom wygl\u0105d i wra\u017cenie klasycznych odbitek fotograficznych.<\/li><\/ul>\n<\/div><\/div>\n\n\n\n<div style=\"height:40px\" aria-hidden=\"true\" class=\"wp-block-spacer\"><\/div>\n\n\n\n<div class=\"wp-block-group\"><div class=\"wp-block-group__inner-container\">\n<h3>Papiery Art:<\/h3>\n\n\n\n<ul><li><strong><strong>FOMEI Collection Baryta SILK 310 gsm<br><\/strong><\/strong>ekskluzywny bezkwasowy papier barytowy do fotograficznych drukarek atramentowych wykorzystuj\u0105cych w procesie druku tusze pigmentowe. Wysoka gramatura papieru 310 g\/m2 i wykorzystanie dodatkowej tylnej warstwy przeciwdzia\u0142aj\u0105cej zwijaniu si\u0119 daje poczucie pracy z materia\u0142em najwy\u017cszej jako\u015bci.Posiada posiada warstw\u0119 przyjmuj\u0105c\u0105 tusz naniesion\u0105 bezpo\u015brednio na prawdziwe pod\u0142o\u017ce barytowe. Dzi\u0119ki zastosowaniu barytu papier ten \u015bwietnie odwzorowuje kremowe biele, aksamitne czernie, zachowuj\u0105c p\u0142ynno\u015b\u0107 przej\u015b\u0107 tonalnych w ca\u0142ym zakresie po\u015brednich odcieni szaro\u015bci.<\/li><li><strong><strong>FOMEI Collection Baryta Mono 290gsm<br><\/strong><\/strong>odpowiadaj\u0105cy pod wzgl\u0119dem jako\u015bci wymaganiom muze\u00f3w papier, kt\u00f3ry zapewnia wra\u017cenie i&nbsp;estetyk\u0119 oryginalnego papieru barytowego oraz archiwaln\u0105 d\u0142ugowieczno\u015b\u0107 zgodnie z&nbsp;norm\u0105 trwa\u0142o\u015bci ISO 9706, potwierdzon\u0105 certyfikatem FOGRA nr. 28681.<strong>Papier archiwalny zgodnie z&nbsp;norm\u0105 DIN ISO 9706<\/strong>&nbsp;, to trwa\u0142y papier lub karton, kt\u00f3ry nie posiada \u017cadnych substancji, kt\u00f3re mog\u0142yby prowadzi\u0107 do jego autodestrukcji. Papier archiwalny opisywany bywa jako&nbsp;<strong>papier trwa\u0142y<\/strong>,&nbsp;<strong>papier z&nbsp;buforem alkalicznym<\/strong>,&nbsp;<strong>papier z&nbsp;barier\u0105<\/strong>&nbsp;czy&nbsp;<strong>papier muzealny<\/strong>.<\/li><li><strong>FOMEI Collection Cotton Smooth 240gsm<br><\/strong>FOMEI Collection Cotton Smooth 240gsm to 100% bawe\u0142niany papier o przyjemnie g\u0142adkim matowym wyko\u0144czeniu, stanowi\u0105cy idealne pod\u0142o\u017ce do profesjonalnych druk\u00f3w artystycznych.&nbsp;Zosta\u0142 stworzony z my\u015bl\u0105 o artystach fotografach, kt\u00f3rzy chc\u0105 mie\u0107 pewno\u015b\u0107, \u017ce wybrane przez nich pod\u0142o\u017ce pozwoli im uzyska\u0107 perfekcyjn\u0105 dok\u0142adno\u015b\u0107 i wysok\u0105 dynamik\u0119 obrazu; z pewno\u015bci\u0105 zadowoli ka\u017cdego, komu zale\u017cy na wydrukach o wyj\u0105tkowej ostro\u015bci szczeg\u00f3\u0142\u00f3w.<\/li><li><strong>FOMEI Collection Cotton Textured 240gsm<br><\/strong>100% bawe\u0142niany papier o delikatnie teksturowanym matowym wyko\u0144czeniu, stanowi\u0105cy idealne pod\u0142o\u017ce do profesjonalnych druk\u00f3w artystycznych. Zosta\u0142 stworzony z my\u015bl\u0105 o artystach fotografach, kt\u00f3rzy chc\u0105 mie\u0107 pewno\u015b\u0107, \u017ce wybrane przez nich pod\u0142o\u017ce pozwoli im uzyska\u0107 perfekcyjn\u0105 dok\u0142adno\u015b\u0107 i wysok\u0105 dynamik\u0119 obrazu; z pewno\u015bci\u0105 zadowoli ka\u017cdego, komu zale\u017cy na wydrukach o wyj\u0105tkowej ostro\u015bci szczeg\u00f3\u0142\u00f3w. Teksturowana powierzchnia papieru umo\u017cliwia intensywne podkre\u015blenie charakteru drukowanych prac, co czyni go idealnym wyborem dla dramatycznych wydruk\u00f3w artystycznych, reprodukcji, fotografii, grafiki, wystaw,&nbsp; plakat\u00f3w, ekskluzywnych zaprosze\u0144 i dekoracji wn\u0119trz.<\/li><\/ul>\n<\/div><\/div>\n\n\n\n<p style=\"background-color:#62bba5;color:#ffffff\" class=\"has-text-color has-background\"><a href=\"http:\/\/www.wramach.pl\/web\/przygotowanie-materialow\/\"><strong>Poradnik jak przygotowa\u0107 materia\u0142y do druku<\/strong><\/a><\/p>\n","protected":false},"excerpt":{"rendered":"<p>Poradnik jak przygotowa\u0107 materia\u0142y do druku<\/p>\n","protected":false},"author":1,"featured_media":0,"parent":38,"menu_order":0,"comment_status":"open","ping_status":"open","template":"","meta":[],"_links":{"self":[{"href":"http:\/\/www.wramach.pl\/web\/wp-json\/wp\/v2\/pages\/56"}],"collection":[{"href":"http:\/\/www.wramach.pl\/web\/wp-json\/wp\/v2\/pages"}],"about":[{"href":"http:\/\/www.wramach.pl\/web\/wp-json\/wp\/v2\/types\/page"}],"author":[{"embeddable":true,"href":"http:\/\/www.wramach.pl\/web\/wp-json\/wp\/v2\/users\/1"}],"replies":[{"embeddable":true,"href":"http:\/\/www.wramach.pl\/web\/wp-json\/wp\/v2\/comments?post=56"}],"version-history":[{"count":94,"href":"http:\/\/www.wramach.pl\/web\/wp-json\/wp\/v2\/pages\/56\/revisions"}],"predecessor-version":[{"id":922,"href":"http:\/\/www.wramach.pl\/web\/wp-json\/wp\/v2\/pages\/56\/revisions\/922"}],"up":[{"embeddable":true,"href":"http:\/\/www.wramach.pl\/web\/wp-json\/wp\/v2\/pages\/38"}],"wp:attachment":[{"href":"http:\/\/www.wramach.pl\/web\/wp-json\/wp\/v2\/media?parent=56"}],"curies":[{"name":"wp","href":"https:\/\/api.w.org\/{rel}","templated":true}]}}