{"id":48,"date":"2015-08-13T01:22:42","date_gmt":"2015-08-12T23:22:42","guid":{"rendered":"http:\/\/www.wramach.pl\/web\/?page_id=48"},"modified":"2019-12-31T20:08:58","modified_gmt":"2019-12-31T19:08:58","slug":"druk-na-plotnie","status":"publish","type":"page","link":"http:\/\/www.wramach.pl\/web\/oferta\/druk-na-plotnie\/","title":{"rendered":"Druk na p\u0142\u00f3tnie"},"content":{"rendered":"\n<h2>Drukujemy na materiale typu CANVAS o strukturze prawdziwego p\u0142\u00f3tna malarskiego.<\/h2>\n\n\n\n<h3>Posiadamy w ofercie r\u00f3\u017cne rodzaje p\u0142\u00f3tna, pigmenty kt\u00f3re stosujemy zapewniaj\u0105 doskona\u0142e nasycenie kolor\u00f3w oraz trwa\u0142o\u015b\u0107 przez lata.&nbsp;Ka\u017cdy wydruk jest foliowany, w celu zabezpieczenia przed promieniami UV, kurzem i wilgoci\u0105.<\/h3>\n\n\n\n<p>Gotowy wydruk naci\u0105gamy na drewniany blejtram. \u015aciany boczne s\u0105 zadrukowane, dzi\u0119ki temu wydruki idealnie prezentuj\u0105 si\u0119 na \u015bcianie bez dodatkowej oprawy, oczywi\u015bcie na \u017cyczenie klienta tradycyjne obrazy na p\u0142\u00f3tnie oprawiamy dodatkowo w ram\u0119.<\/p>\n\n\n\n<h3>Ka\u017cdy obraz posiada profesjonalne zawieszki u\u0142atwiaj\u0105ce powieszenie i wypoziomowanie obrazu.<\/h3>\n\n\n\n<h2>Jako opcja dost\u0119pne jest r\u00f3wnie\u017c zabezpieczenie p\u0142\u00f3tna werniksem czyli warstw\u0105 bezbarwnego lakieru dodatkowo zabezpieczaj\u0105ca wydruk przed niekorzystnym wp\u0142ywem warunk\u00f3w otoczenia.<\/h2>\n\n\n\n<p>Ze wzgl\u0119du na proces schni\u0119cia zastosowanie werniksu wyd\u0142u\u017ca czas realizacji zlecenia o 1-2 dni robocze.<\/p>\n","protected":false},"excerpt":{"rendered":"<p>Drukujemy na materiale typu CANVAS o strukturze prawdziwego p\u0142\u00f3tna malarskiego. Posiadamy w ofercie r\u00f3\u017cne rodzaje p\u0142\u00f3tna, pigmenty kt\u00f3re stosujemy zapewniaj\u0105 doskona\u0142e nasycenie kolor\u00f3w oraz trwa\u0142o\u015b\u0107 przez lata.&nbsp;Ka\u017cdy wydruk jest foliowany, w celu zabezpieczenia przed promieniami UV, kurzem i wilgoci\u0105. Gotowy wydruk naci\u0105gamy na drewniany blejtram. \u015aciany boczne s\u0105 zadrukowane, dzi\u0119ki temu wydruki idealnie prezentuj\u0105 si\u0119 [&hellip;]<\/p>\n","protected":false},"author":1,"featured_media":0,"parent":38,"menu_order":1,"comment_status":"open","ping_status":"open","template":"","meta":[],"_links":{"self":[{"href":"http:\/\/www.wramach.pl\/web\/wp-json\/wp\/v2\/pages\/48"}],"collection":[{"href":"http:\/\/www.wramach.pl\/web\/wp-json\/wp\/v2\/pages"}],"about":[{"href":"http:\/\/www.wramach.pl\/web\/wp-json\/wp\/v2\/types\/page"}],"author":[{"embeddable":true,"href":"http:\/\/www.wramach.pl\/web\/wp-json\/wp\/v2\/users\/1"}],"replies":[{"embeddable":true,"href":"http:\/\/www.wramach.pl\/web\/wp-json\/wp\/v2\/comments?post=48"}],"version-history":[{"count":16,"href":"http:\/\/www.wramach.pl\/web\/wp-json\/wp\/v2\/pages\/48\/revisions"}],"predecessor-version":[{"id":764,"href":"http:\/\/www.wramach.pl\/web\/wp-json\/wp\/v2\/pages\/48\/revisions\/764"}],"up":[{"embeddable":true,"href":"http:\/\/www.wramach.pl\/web\/wp-json\/wp\/v2\/pages\/38"}],"wp:attachment":[{"href":"http:\/\/www.wramach.pl\/web\/wp-json\/wp\/v2\/media?parent=48"}],"curies":[{"name":"wp","href":"https:\/\/api.w.org\/{rel}","templated":true}]}}