{"id":40,"date":"2015-08-13T01:27:41","date_gmt":"2015-08-12T23:27:41","guid":{"rendered":"http:\/\/www.wramach.pl\/web\/?page_id=40"},"modified":"2016-01-30T07:46:47","modified_gmt":"2016-01-30T06:46:47","slug":"technologia-i-jakosc-oprawy","status":"publish","type":"page","link":"http:\/\/www.wramach.pl\/web\/technologia-i-jakosc-oprawy\/","title":{"rendered":"Technologia i jako\u015b\u0107 oprawy"},"content":{"rendered":"<h2>Oprawa jest zwie\u0144czeniem dzie\u0142a, dlatego sztuk\u0105 jest dobra\u0107 t\u0105 odpowiedni\u0105, idealn\u0105, niepowtarzaln\u0105.<\/h2>\n<h3>W pierwszej kolejno\u015bci zaleca si\u0119 foliowanie lub laminowanie pracy, w celu zabezpieczenia, jednocze\u015bnie uszlachetniaj\u0105c i nadaj\u0105c niepowtarzaln\u0105 struktur\u0119.<\/h3>\n<p>Folia, kt\u00f3r\u0105 powleka si\u0119 prace stanowi doskona\u0142e zabezpieczenie przed wilgoci\u0105, kurzem i promieniami UV. Folia mo\u017ce mie\u0107 r\u00f3\u017cn\u0105 struktur\u0119: satynow\u0105, matow\u0105, b\u0142yszcz\u0105c\u0105 a nawet imituj\u0105c\u0105 p\u0142\u00f3tno malarskie lub sk\u00f3r\u0119. Niew\u0105tpliwym zaletami foliowania s\u0105: \u0142atwo\u015b\u0107 utrzymania prac w czysto\u015bci, brak refleks\u00f3w (w przypadku folii matowych i p\u00f3\u0142matowych) , zabezpieczenie pracy przed \u017c\u00f3\u0142kni\u0119ciem i blakni\u0119ciem.<\/p>\n<h2>Kolejnym krokiem jest usztywnienie.<\/h2>\n<p>Cz\u0119sto konieczne jest usztywnienie zdj\u0119cia lub wydruku. W tym celu wykorzystujemy r\u00f3\u017cne rodzaje podk\u0142ad\u00f3w: Foamboard, PVC, szk\u0142o, blacha, lub blejtram\/krosno w przypadku obrazu\/wydruku na p\u0142\u00f3tnie.<\/p>\n<h3>Pianka Foamboard:<\/h3>\n<p style=\"padding-left: 30px;\">jest zdecydowanie najcz\u0119\u015bciej wykorzystywanym materia\u0142em, to wysokiej klasy mikropianki stosowane do profesjonalnej oprawy. Standardowo dost\u0119pne w kolorze bia\u0142ym i czarnym o grubo\u015bci 5 mm i 10 mm. Pianki Foamboard s\u0105 przeznaczone do zastosowa\u0144 wewn\u0119trznych, cechuj\u0105 si\u0119 bardzo nisk\u0105 wag\u0105 i idealnie g\u0142adk\u0105 powierzchni\u0105.<\/p>\n<h3>PCV:<\/h3>\n<p style=\"padding-left: 30px;\">to r\u00f3wnie\u017c bardzo popularny materia\u0142 idealny do zastosowa\u0144 zewn\u0119trznych, odporny na czynniki atmosferyczne i bardzo wytrzyma\u0142y, tworzywo doskona\u0142e do nadruku, lakierowania i nak\u0142adania folii. W bran\u017cy reklamowej wykorzystywany do zadrukowania lub oklejania szyld\u00f3w, plansz, tablic informacyjnych.<br \/>\nkolejnym etapem wyko\u0144czenia pracy mo\u017ce by\u0107 dob\u00f3r passe-partout, je\u015bli to konieczne.<\/p>\n<p>Posiadamy bogaty wyb\u00f3r kolorystyczny karton\u00f3w passe-partout, kt\u00f3re z pewno\u015bci\u0105 nadadz\u0105 odpowiedniego t\u0142a dla oprawianego obrazu. Wycinamy zar\u00f3wno klasyczne wzory &#8222;okienko&#8221;, jak r\u00f3wnie\u017c owal. Nasze passe- partout s\u0105 odporne na proces starzenia i dzia\u0142ania \u015bwiat\u0142a. Grubo\u015b\u0107 w zale\u017cno\u015bci od zastosowanego do wyko\u0144czenia kartonu waha si\u0119 od 1,5 &#8211; 1,65 mm.<br \/>\nko\u0144cowym etapem wyko\u0144czenia pracy jest rama.<\/p>\n<h3>Oferujemy bogaty wyb\u00f3r ram z drewna i aluminium. W ofercie posiadamy kilkadziesi\u0105t profili listew drewnianych, aluminium i MDF w wielu wersjach kolorystycznych i stylowych. Wykonujemy r\u00f3wnie\u017c blejtramy, na kt\u00f3re naci\u0105gamy prace na p\u0142\u00f3tnie.<\/h3>\n<p>Rama jest zawsze najwa\u017cniejszym elementem, dlatego trzeba j\u0105 odpowiednio dobra\u0107, tak aby pasowa\u0142a do obrazu, ale r\u00f3wnie\u017c do wn\u0119trza, w kt\u00f3rym zamierzamy go powiesi\u0107. Rama powinna by\u0107 ozdob\u0105 i wydobywa\u0107 pi\u0119kno ka\u017cdego obrazu, lecz nie powinna zbytnio odci\u0105ga\u0107 od niego uwagi.<\/p>\n","protected":false},"excerpt":{"rendered":"<p>Oprawa jest zwie\u0144czeniem dzie\u0142a, dlatego sztuk\u0105 jest dobra\u0107 t\u0105 odpowiedni\u0105, idealn\u0105, niepowtarzaln\u0105. W pierwszej kolejno\u015bci zaleca si\u0119 foliowanie lub laminowanie pracy, w celu zabezpieczenia, jednocze\u015bnie uszlachetniaj\u0105c i nadaj\u0105c niepowtarzaln\u0105 struktur\u0119. Folia, kt\u00f3r\u0105 powleka si\u0119 prace stanowi doskona\u0142e zabezpieczenie przed wilgoci\u0105, kurzem i promieniami UV. Folia mo\u017ce mie\u0107 r\u00f3\u017cn\u0105 struktur\u0119: satynow\u0105, matow\u0105, b\u0142yszcz\u0105c\u0105 a nawet imituj\u0105c\u0105 [&hellip;]<\/p>\n","protected":false},"author":1,"featured_media":0,"parent":0,"menu_order":0,"comment_status":"open","ping_status":"open","template":"","meta":[],"_links":{"self":[{"href":"http:\/\/www.wramach.pl\/web\/wp-json\/wp\/v2\/pages\/40"}],"collection":[{"href":"http:\/\/www.wramach.pl\/web\/wp-json\/wp\/v2\/pages"}],"about":[{"href":"http:\/\/www.wramach.pl\/web\/wp-json\/wp\/v2\/types\/page"}],"author":[{"embeddable":true,"href":"http:\/\/www.wramach.pl\/web\/wp-json\/wp\/v2\/users\/1"}],"replies":[{"embeddable":true,"href":"http:\/\/www.wramach.pl\/web\/wp-json\/wp\/v2\/comments?post=40"}],"version-history":[{"count":6,"href":"http:\/\/www.wramach.pl\/web\/wp-json\/wp\/v2\/pages\/40\/revisions"}],"predecessor-version":[{"id":288,"href":"http:\/\/www.wramach.pl\/web\/wp-json\/wp\/v2\/pages\/40\/revisions\/288"}],"wp:attachment":[{"href":"http:\/\/www.wramach.pl\/web\/wp-json\/wp\/v2\/media?parent=40"}],"curies":[{"name":"wp","href":"https:\/\/api.w.org\/{rel}","templated":true}]}}